{"id":153,"date":"2019-03-13T01:29:08","date_gmt":"2019-03-13T01:29:08","guid":{"rendered":"http:\/\/eledendelasnovias.com\/?page_id=153"},"modified":"2019-03-13T04:50:56","modified_gmt":"2019-03-13T04:50:56","slug":"inicio-3","status":"publish","type":"page","link":"http:\/\/eledendelasnovias.com\/","title":{"rendered":"Inicio"},"content":{"rendered":"<p><strong>El Eden de las Novias<img loading=\"lazy\" decoding=\"async\" data-attachment-id=\"5\" data-permalink=\"http:\/\/eledendelasnovias.com\/?attachment_id=5\" data-orig-file=\"https:\/\/i0.wp.com\/eledendelasnovias.com\/wp-content\/uploads\/2019\/02\/logo-eden1.png?fit=5428%2C2984\" data-orig-size=\"5428,2984\" data-comments-opened=\"1\" data-image-meta=\"{&quot;aperture&quot;:&quot;0&quot;,&quot;credit&quot;:&quot;&quot;,&quot;camera&quot;:&quot;&quot;,&quot;caption&quot;:&quot;&quot;,&quot;created_timestamp&quot;:&quot;0&quot;,&quot;copyright&quot;:&quot;&quot;,&quot;focal_length&quot;:&quot;0&quot;,&quot;iso&quot;:&quot;0&quot;,&quot;shutter_speed&quot;:&quot;0&quot;,&quot;title&quot;:&quot;&quot;,&quot;orientation&quot;:&quot;0&quot;}\" data-image-title=\"logo eden1\" data-image-description=\"\" data-image-caption=\"\" data-medium-file=\"https:\/\/i0.wp.com\/eledendelasnovias.com\/wp-content\/uploads\/2019\/02\/logo-eden1.png?fit=300%2C165\" data-large-file=\"https:\/\/i0.wp.com\/eledendelasnovias.com\/wp-content\/uploads\/2019\/02\/logo-eden1.png?fit=885%2C487\" class=\"size-medium wp-image-5 alignright\" src=\"https:\/\/i0.wp.com\/eledendelasnovias.com\/wp-content\/uploads\/2019\/02\/logo-eden1-300x165.png?resize=300%2C165\" alt=\"\" width=\"300\" height=\"165\" srcset=\"https:\/\/i0.wp.com\/eledendelasnovias.com\/wp-content\/uploads\/2019\/02\/logo-eden1.png?resize=300%2C165 300w, https:\/\/i0.wp.com\/eledendelasnovias.com\/wp-content\/uploads\/2019\/02\/logo-eden1.png?resize=768%2C422 768w, https:\/\/i0.wp.com\/eledendelasnovias.com\/wp-content\/uploads\/2019\/02\/logo-eden1.png?resize=1024%2C563 1024w, https:\/\/i0.wp.com\/eledendelasnovias.com\/wp-content\/uploads\/2019\/02\/logo-eden1.png?resize=1140%2C627 1140w, https:\/\/i0.wp.com\/eledendelasnovias.com\/wp-content\/uploads\/2019\/02\/logo-eden1.png?w=1770 1770w, https:\/\/i0.wp.com\/eledendelasnovias.com\/wp-content\/uploads\/2019\/02\/logo-eden1.png?w=2655 2655w\" sizes=\"auto, (max-width: 300px) 100vw, 300px\" data-recalc-dims=\"1\" \/><\/strong><\/p>\n<p>Somos una empresa dedicada a auxiliar a usted que esta pr\u00f3ximo a festejar un acontecimiento importante en su vida como ser\u00edan: Bodas, 15 A\u00f1os, Bautizos, Aniversarios, 1\u00aa Comuniones, Graduaciones, Comidas Empresariales de fin de a\u00f1o o de aniversario.<\/p>\n<p>Si sue\u00f1as con una Boda brillante, decoraci\u00f3n de primera, el mejor vestido de novia, un bufete de delicioso, en fin con una boda perfecta. Tu sue\u00f1o es nuestro trabajo.<\/p>\n<p>tenemos todo lo que necesitas para que tu boda o evento dejen huellas impresionantes.<\/p>\n<p><img loading=\"lazy\" decoding=\"async\" data-attachment-id=\"154\" data-permalink=\"http:\/\/eledendelasnovias.com\/?attachment_id=154\" data-orig-file=\"https:\/\/i0.wp.com\/eledendelasnovias.com\/wp-content\/uploads\/2019\/03\/49660000_1956550551124952_4601590513114546176_n.jpg?fit=960%2C640\" data-orig-size=\"960,640\" data-comments-opened=\"1\" data-image-meta=\"{&quot;aperture&quot;:&quot;0&quot;,&quot;credit&quot;:&quot;jose angel barbero&quot;,&quot;camera&quot;:&quot;&quot;,&quot;caption&quot;:&quot;&quot;,&quot;created_timestamp&quot;:&quot;0&quot;,&quot;copyright&quot;:&quot;jose angel barbero - fotografo&quot;,&quot;focal_length&quot;:&quot;0&quot;,&quot;iso&quot;:&quot;0&quot;,&quot;shutter_speed&quot;:&quot;0&quot;,&quot;title&quot;:&quot;&quot;,&quot;orientation&quot;:&quot;0&quot;}\" data-image-title=\"49660000_1956550551124952_4601590513114546176_n\" data-image-description=\"\" data-image-caption=\"\" data-medium-file=\"https:\/\/i0.wp.com\/eledendelasnovias.com\/wp-content\/uploads\/2019\/03\/49660000_1956550551124952_4601590513114546176_n.jpg?fit=300%2C200\" data-large-file=\"https:\/\/i0.wp.com\/eledendelasnovias.com\/wp-content\/uploads\/2019\/03\/49660000_1956550551124952_4601590513114546176_n.jpg?fit=885%2C590\" class=\"wp-image-154 aligncenter\" src=\"https:\/\/i0.wp.com\/eledendelasnovias.com\/wp-content\/uploads\/2019\/03\/49660000_1956550551124952_4601590513114546176_n.jpg?resize=434%2C289\" alt=\"\" width=\"434\" height=\"289\" srcset=\"https:\/\/i0.wp.com\/eledendelasnovias.com\/wp-content\/uploads\/2019\/03\/49660000_1956550551124952_4601590513114546176_n.jpg?resize=300%2C200 300w, https:\/\/i0.wp.com\/eledendelasnovias.com\/wp-content\/uploads\/2019\/03\/49660000_1956550551124952_4601590513114546176_n.jpg?resize=768%2C512 768w, https:\/\/i0.wp.com\/eledendelasnovias.com\/wp-content\/uploads\/2019\/03\/49660000_1956550551124952_4601590513114546176_n.jpg?resize=750%2C500 750w, https:\/\/i0.wp.com\/eledendelasnovias.com\/wp-content\/uploads\/2019\/03\/49660000_1956550551124952_4601590513114546176_n.jpg?resize=450%2C300 450w, https:\/\/i0.wp.com\/eledendelasnovias.com\/wp-content\/uploads\/2019\/03\/49660000_1956550551124952_4601590513114546176_n.jpg?w=960 960w\" sizes=\"auto, (max-width: 434px) 100vw, 434px\" data-recalc-dims=\"1\" \/><\/p>\n<p>&nbsp;<\/p>\n<p>Somos una firm<span style=\"font-family: -apple-system, BlinkMacSystemFont, 'Segoe UI', Roboto, Oxygen-Sans, Ubuntu, Cantarell, 'Helvetica Neue', sans-serif;\">a de especialistas en la industria de las bodas y el romance que dise\u00f1a y produce eventos creativos para generar experiencias memorables. Creemos\u00a0<\/span><span class=\"text_exposed_show\" style=\"font-family: -apple-system, BlinkMacSystemFont, 'Segoe UI', Roboto, Oxygen-Sans, Ubuntu, Cantarell, 'Helvetica Neue', sans-serif;\">en el \u00e9<\/span><\/p>\n<p>&nbsp;<\/p>\n<p><span class=\"text_exposed_show\" style=\"font-family: -apple-system, BlinkMacSystemFont, 'Segoe UI', Roboto, Oxygen-Sans, Ubuntu, Cantarell, 'Helvetica Neue', sans-serif;\">xito de una boda que se planea #AMOROSSAMENTE y que logra transmitir el entusiasmo y la felicidad incomparable de la que gozan los novios el d\u00eda de su boda.<\/span><\/p>\n<p>Nuestros servicios est\u00e1n orientados a crear bodas con coordinaci\u00f3n y asesor\u00eda profesional siguiendo estructuras de planeaci\u00f3n altamente efectivas que puedan garantizar eventos con armon\u00eda, dise\u00f1o y una cuidadosa selecci\u00f3n de proveedores especializados.<\/p>\n<p><em>Fue un placer conocerla, y estoy muy contento de que hayamos tenido la oportunidad de hablar sobre lo que est\u00e1 buscando para su Boda. S\u00e9 que este es un momento emocionante y potencialmente intenso para usted, as\u00ed que d\u00e9jeme decirle que est\u00e1 en buenas manos. Como mencion\u00f3 que le gustar\u00eda ver algunos estilos diferentes, me asegurar\u00e9 de que nuestro equipo le brinde el mejor servicio y una variedad de opciones para su Boda. Gracias por su visita, y espero verle pronto.<\/em><\/p>\n<p><em>Atentamente, El Eden de las Novias<\/em><img loading=\"lazy\" decoding=\"async\" data-attachment-id=\"182\" data-permalink=\"http:\/\/eledendelasnovias.com\/?attachment_id=182\" data-orig-file=\"https:\/\/i0.wp.com\/eledendelasnovias.com\/wp-content\/uploads\/2019\/03\/WhatsApp-Image-2019-01-29-at-1.01.26-AM.jpg?fit=1000%2C667\" data-orig-size=\"1000,667\" data-comments-opened=\"1\" data-image-meta=\"{&quot;aperture&quot;:&quot;0&quot;,&quot;credit&quot;:&quot;&quot;,&quot;camera&quot;:&quot;&quot;,&quot;caption&quot;:&quot;&quot;,&quot;created_timestamp&quot;:&quot;0&quot;,&quot;copyright&quot;:&quot;&quot;,&quot;focal_length&quot;:&quot;0&quot;,&quot;iso&quot;:&quot;0&quot;,&quot;shutter_speed&quot;:&quot;0&quot;,&quot;title&quot;:&quot;&quot;,&quot;orientation&quot;:&quot;1&quot;}\" data-image-title=\"WhatsApp Image 2019-01-29 at 1.01.26 AM\" data-image-description=\"\" data-image-caption=\"\" data-medium-file=\"https:\/\/i0.wp.com\/eledendelasnovias.com\/wp-content\/uploads\/2019\/03\/WhatsApp-Image-2019-01-29-at-1.01.26-AM.jpg?fit=300%2C200\" data-large-file=\"https:\/\/i0.wp.com\/eledendelasnovias.com\/wp-content\/uploads\/2019\/03\/WhatsApp-Image-2019-01-29-at-1.01.26-AM.jpg?fit=885%2C590\" class=\"wp-image-182 aligncenter\" style=\"font-family: -apple-system, BlinkMacSystemFont, 'Segoe UI', Roboto, Oxygen-Sans, Ubuntu, Cantarell, 'Helvetica Neue', sans-serif;\" src=\"https:\/\/i0.wp.com\/eledendelasnovias.com\/wp-content\/uploads\/2019\/03\/WhatsApp-Image-2019-01-29-at-1.01.26-AM.jpg?resize=497%2C331\" alt=\"\" width=\"497\" height=\"331\" srcset=\"https:\/\/i0.wp.com\/eledendelasnovias.com\/wp-content\/uploads\/2019\/03\/WhatsApp-Image-2019-01-29-at-1.01.26-AM.jpg?resize=300%2C200 300w, https:\/\/i0.wp.com\/eledendelasnovias.com\/wp-content\/uploads\/2019\/03\/WhatsApp-Image-2019-01-29-at-1.01.26-AM.jpg?resize=768%2C512 768w, https:\/\/i0.wp.com\/eledendelasnovias.com\/wp-content\/uploads\/2019\/03\/WhatsApp-Image-2019-01-29-at-1.01.26-AM.jpg?w=1000 1000w\" sizes=\"auto, (max-width: 497px) 100vw, 497px\" data-recalc-dims=\"1\" \/><\/p>\n","protected":false},"excerpt":{"rendered":"<p>El Eden de las Novias Somos una empresa dedicada a auxiliar a usted que esta pr\u00f3ximo a festejar un acontecimiento importante en su vida como ser\u00edan: Bodas, 15 A\u00f1os, Bautizos, Aniversarios, 1\u00aa Comuniones, Graduaciones, Comidas Empresariales de fin de a\u00f1o o de aniversario. Si sue\u00f1as con una Boda brillante, decoraci\u00f3n de primera, el mejor vestido &hellip;<\/p>\n","protected":false},"author":1,"featured_media":0,"parent":0,"menu_order":0,"comment_status":"closed","ping_status":"closed","template":"","meta":{"jetpack_post_was_ever_published":false,"footnotes":""},"class_list":["post-153","page","type-page","status-publish","hentry","no-thumb"],"jetpack_sharing_enabled":true,"jetpack_shortlink":"https:\/\/wp.me\/PaIA8l-2t","jetpack-related-posts":[{"id":21,"url":"http:\/\/eledendelasnovias.com\/?page_id=21","url_meta":{"origin":153,"position":0},"title":"QUIENES SOMOS","date":"14\/02\/2019","format":false,"excerpt":"Somos una empresa dedicada a auxiliar a usted que esta pr\u00f3ximo a festejar un acontecimiento importante en su vida como ser\u00edan: Bodas, 15 A\u00f1os, Bautizos, Aniversarios, 1\u00aa Comuniones, Graduaciones, Comidas Empresariales de fin de a\u00f1o o de aniversario. \u00a0 Si sue\u00f1as con una Boda brillante, decoraci\u00f3n de primera, el mejor\u2026","rel":"","context":"Entrada similar","img":{"alt_text":"","src":"","width":0,"height":0},"classes":[]},{"id":22,"url":"http:\/\/eledendelasnovias.com\/?page_id=22","url_meta":{"origin":153,"position":1},"title":"QUIENES SOMOS","date":"14\/02\/2019","format":false,"excerpt":"Somos una empresa dedicada a auxiliar a usted que esta pr\u00f3ximo a festejar un acontecimiento importante en su vida como ser\u00edan: Bodas, 15 A\u00f1os, Bautizos, Aniversarios, 1\u00aa Comuniones, Graduaciones, Comidas Empresariales de fin de a\u00f1o o de aniversario. \u00a0 Si sue\u00f1as con una Boda brillante, decoraci\u00f3n de primera, el mejor\u2026","rel":"","context":"Entrada similar","img":{"alt_text":"","src":"","width":0,"height":0},"classes":[]},{"id":75,"url":"http:\/\/eledendelasnovias.com\/?page_id=75","url_meta":{"origin":153,"position":2},"title":"Quienes Somos","date":"14\/02\/2019","format":false,"excerpt":"Somos una empresa dedicada a auxiliar a usted que esta pr\u00f3ximo a festejar un acontecimiento importante en su vida como ser\u00edan: Bodas, 15 A\u00f1os, Bautizos, Aniversarios, 1\u00aa Comuniones, Graduaciones, Comidas Empresariales de fin de a\u00f1o o de aniversario. \u00a0 Si sue\u00f1as con una Boda brillante, decoraci\u00f3n de primera, el mejor\u2026","rel":"","context":"Entrada similar","img":{"alt_text":"","src":"","width":0,"height":0},"classes":[]},{"id":25,"url":"http:\/\/eledendelasnovias.com\/?page_id=25","url_meta":{"origin":153,"position":3},"title":"BODAS","date":"14\/02\/2019","format":false,"excerpt":"","rel":"","context":"Entrada similar","img":{"alt_text":"","src":"","width":0,"height":0},"classes":[]}],"_links":{"self":[{"href":"http:\/\/eledendelasnovias.com\/index.php?rest_route=\/wp\/v2\/pages\/153","targetHints":{"allow":["GET"]}}],"collection":[{"href":"http:\/\/eledendelasnovias.com\/index.php?rest_route=\/wp\/v2\/pages"}],"about":[{"href":"http:\/\/eledendelasnovias.com\/index.php?rest_route=\/wp\/v2\/types\/page"}],"author":[{"embeddable":true,"href":"http:\/\/eledendelasnovias.com\/index.php?rest_route=\/wp\/v2\/users\/1"}],"replies":[{"embeddable":true,"href":"http:\/\/eledendelasnovias.com\/index.php?rest_route=%2Fwp%2Fv2%2Fcomments&post=153"}],"version-history":[{"count":5,"href":"http:\/\/eledendelasnovias.com\/index.php?rest_route=\/wp\/v2\/pages\/153\/revisions"}],"predecessor-version":[{"id":183,"href":"http:\/\/eledendelasnovias.com\/index.php?rest_route=\/wp\/v2\/pages\/153\/revisions\/183"}],"wp:attachment":[{"href":"http:\/\/eledendelasnovias.com\/index.php?rest_route=%2Fwp%2Fv2%2Fmedia&parent=153"}],"curies":[{"name":"wp","href":"https:\/\/api.w.org\/{rel}","templated":true}]}}